{"id":1406,"date":"2024-03-01T20:56:56","date_gmt":"2024-03-01T19:56:56","guid":{"rendered":"https:\/\/afrikalarm.com\/?page_id=1406"},"modified":"2024-03-01T21:05:56","modified_gmt":"2024-03-01T20:05:56","slug":"mentions-legales","status":"publish","type":"page","link":"https:\/\/afrikalarm.com\/index.php\/mentions-legales\/","title":{"rendered":"Conditions d\u2019utilisation du site et Politique de confidentialit\u00e9"},"content":{"rendered":"<style>.wp-block-kadence-spacer.kt-block-spacer-1406_21d90a-c6 .kt-block-spacer{height:70px;}.wp-block-kadence-spacer.kt-block-spacer-1406_21d90a-c6 .kt-divider{border-top-width:1px;height:1px;border-top-color:#eee;width:80%;border-top-style:solid;}<\/style>\n<div class=\"wp-block-kadence-spacer aligncenter kt-block-spacer-1406_21d90a-c6\"><div class=\"kt-block-spacer kt-block-spacer-halign-center\"><\/div><\/div>\n\n\n<style>.wp-block-kadence-advancedheading.kt-adv-heading1406_2bc8d1-ff, .wp-block-kadence-advancedheading.kt-adv-heading1406_2bc8d1-ff[data-kb-block=\"kb-adv-heading1406_2bc8d1-ff\"]{text-align:center;font-style:normal;}.wp-block-kadence-advancedheading.kt-adv-heading1406_2bc8d1-ff mark.kt-highlight, .wp-block-kadence-advancedheading.kt-adv-heading1406_2bc8d1-ff[data-kb-block=\"kb-adv-heading1406_2bc8d1-ff\"] mark.kt-highlight{font-style:normal;color:#f76a0c;-webkit-box-decoration-break:clone;box-decoration-break:clone;padding-top:0px;padding-right:0px;padding-bottom:0px;padding-left:0px;}<\/style>\n<h2 class=\"kt-adv-heading1406_2bc8d1-ff wp-block-kadence-advancedheading\" data-kb-block=\"kb-adv-heading1406_2bc8d1-ff\">Conditions d\u2019utilisation du site et Politique de confidentialit\u00e9<\/h2>\n\n\n<style>.wp-block-kadence-spacer.kt-block-spacer-1406_c1eab9-d6 .kt-block-spacer{height:40px;}.wp-block-kadence-spacer.kt-block-spacer-1406_c1eab9-d6 .kt-divider{border-top-width:1px;height:1px;border-top-color:#eee;width:80%;border-top-style:solid;}<\/style>\n<div class=\"wp-block-kadence-spacer aligncenter kt-block-spacer-1406_c1eab9-d6\"><div class=\"kt-block-spacer kt-block-spacer-halign-center\"><\/div><\/div>\n\n\n\n<p class=\"has-theme-palette-3-color has-text-color has-link-color wp-elements-efd9053cff1e60bfc0733e7fb3728ec7\">Les pr\u00e9sentes conditions g\u00e9n\u00e9rales d\u2019utilisation (CGU) d\u00e9finissent les conditions accept\u00e9es par les Utilisateurs selon lesquelles ils peuvent acc\u00e9der et utiliser le Service du site http:\/\/www.AfrikAlarm.com\u00a0<\/p>\n\n\n\n<p class=\"has-theme-palette-3-color has-text-color has-link-color wp-elements-1eb0e0d8712271070b3f0de990401371\">Nous vous invitons \u00e0 lire avec attention les pr\u00e9sentes conditions g\u00e9n\u00e9rales d\u2019utilisation, incluant la politique de confidentialit\u00e9 ainsi les conditions g\u00e9n\u00e9rales de vente.<\/p>\n\n\n\n<p class=\"has-theme-palette-3-color has-text-color has-link-color wp-elements-7307bc9009428727bcbc82a2a33e3202\">Le site https:\/\/www.afrikalarm.com est propos\u00e9 en diff\u00e9rents langages web (HTML, HTML5, Javascript, CSS, etc\u2026) pour un meilleur confort d\u2019utilisation et un graphisme plus agr\u00e9able. Nous vous recommandons de recourir \u00e0 des navigateurs modernes comme Internet explorer, Safari, Firefox, Google Chrome, etc\u2026<\/p>\n\n\n\n<p class=\"has-theme-palette-3-color has-text-color has-link-color wp-elements-25d7235ac773965f8a59529863d71fb9\">AfrikAlarm met en \u0153uvre tous les moyens dont elle dispose, pour assurer une information fiable et une mise \u00e0 jour fiable de son site internet. Toutefois, des erreurs ou omissions peuvent survenir. AfrikAlarm n\u2019est en aucun cas responsable de l\u2019utilisation faite de ces informations, et de tout pr\u00e9judice direct ou indirect pouvant en d\u00e9couler.<\/p>\n\n\n<style>.wp-block-kadence-spacer.kt-block-spacer-1406_7d40d7-4b .kt-block-spacer{height:40px;}.wp-block-kadence-spacer.kt-block-spacer-1406_7d40d7-4b .kt-divider{border-top-width:1px;height:1px;border-top-color:#eee;width:80%;border-top-style:solid;}<\/style>\n<div class=\"wp-block-kadence-spacer aligncenter kt-block-spacer-1406_7d40d7-4b\"><div class=\"kt-block-spacer kt-block-spacer-halign-center\"><\/div><\/div>\n\n\n<style>.wp-block-kadence-advancedheading.kt-adv-heading1406_10e68d-e5, .wp-block-kadence-advancedheading.kt-adv-heading1406_10e68d-e5[data-kb-block=\"kb-adv-heading1406_10e68d-e5\"]{font-style:normal;}.wp-block-kadence-advancedheading.kt-adv-heading1406_10e68d-e5 mark.kt-highlight, .wp-block-kadence-advancedheading.kt-adv-heading1406_10e68d-e5[data-kb-block=\"kb-adv-heading1406_10e68d-e5\"] mark.kt-highlight{font-style:normal;color:#f76a0c;-webkit-box-decoration-break:clone;box-decoration-break:clone;padding-top:0px;padding-right:0px;padding-bottom:0px;padding-left:0px;}<\/style>\n<h3 class=\"kt-adv-heading1406_10e68d-e5 wp-block-kadence-advancedheading\" data-kb-block=\"kb-adv-heading1406_10e68d-e5\"><strong>Liens hypertextes:<\/strong><\/h3>\n\n\n\n<p class=\"has-theme-palette-3-color has-text-color has-link-color wp-elements-03de307d0954799768def614048bdb59\">Les sites internet de peuvent offrir des liens vers d\u2019autres sites internet ou d\u2019autres ressources disponibles sur Internet. AfrikAlarm ne dispose d\u2019aucun moyen pour contr\u00f4ler les sites en connexion avec ses sites internet. AfrikAlarm ne r\u00e9pond pas de la disponibilit\u00e9 de tels sites et sources externes, ni ne la garantit. Elle ne peut \u00eatre tenue pour responsable de tout dommage, de quelque nature que ce soit, r\u00e9sultant du contenu de ces sites ou sources externes, et notamment des informations, produits ou services qu\u2019ils proposent, ou de tout usage qui peut \u00eatre fait de ces \u00e9l\u00e9ments. Les risques li\u00e9s \u00e0 cette utilisation incombent pleinement \u00e0 l\u2019internaute, qui doit se conformer \u00e0 leurs conditions d\u2019utilisation.<\/p>\n\n\n\n<p class=\"has-theme-palette-3-color has-text-color has-link-color wp-elements-b48027717375eff5900cc263bac3cb89\">Les utilisateurs, les abonn\u00e9s et les visiteurs des sites internet de ne peuvent mettre en place un hyperlien en direction de ce site sans l\u2019autorisation expresse et pr\u00e9alable du responsable \u00e9ditorial du site d\u2019AfrikAlarm.<\/p>\n\n\n\n<p class=\"has-theme-palette-3-color has-text-color has-link-color wp-elements-0e051be8c2115bd28c7f85e2912afe83\">Dans l\u2019hypoth\u00e8se o\u00f9 un utilisateur ou visiteur souhaiterait mettre en place un hyperlien en direction de ce site, il lui appartiendra d\u2019adresser un email accessible sur le site afin de formuler sa demande de mise en place d\u2019un hyperlien. AfrikAlarm se r\u00e9serve le droit d\u2019accepter ou de refuser un hyperlien sans avoir \u00e0 en justifier sa d\u00e9cision.<\/p>\n\n\n<style>.wp-block-kadence-spacer.kt-block-spacer-1406_ae6222-8a .kt-block-spacer{height:40px;}.wp-block-kadence-spacer.kt-block-spacer-1406_ae6222-8a .kt-divider{border-top-width:1px;height:1px;border-top-color:#eee;width:80%;border-top-style:solid;}<\/style>\n<div class=\"wp-block-kadence-spacer aligncenter kt-block-spacer-1406_ae6222-8a\"><div class=\"kt-block-spacer kt-block-spacer-halign-center\"><\/div><\/div>\n\n\n<style>.wp-block-kadence-advancedheading.kt-adv-heading1406_711e19-00, .wp-block-kadence-advancedheading.kt-adv-heading1406_711e19-00[data-kb-block=\"kb-adv-heading1406_711e19-00\"]{font-style:normal;}.wp-block-kadence-advancedheading.kt-adv-heading1406_711e19-00 mark.kt-highlight, .wp-block-kadence-advancedheading.kt-adv-heading1406_711e19-00[data-kb-block=\"kb-adv-heading1406_711e19-00\"] mark.kt-highlight{font-style:normal;color:#f76a0c;-webkit-box-decoration-break:clone;box-decoration-break:clone;padding-top:0px;padding-right:0px;padding-bottom:0px;padding-left:0px;}<\/style>\n<h3 class=\"kt-adv-heading1406_711e19-00 wp-block-kadence-advancedheading\" data-kb-block=\"kb-adv-heading1406_711e19-00\"><strong>Services fournis:<\/strong>\u00a0<\/h3>\n\n\n\n<p class=\"has-theme-palette-3-color has-text-color has-link-color wp-elements-4c3f38c8f6b73d008cc10a7662e002da\">L\u2019ensemble des activit\u00e9s de la soci\u00e9t\u00e9 ainsi que ses informations sont pr\u00e9sent\u00e9s sur notre site https:\/\/www.afrikalarm.com. AfrikAlarm s\u2019efforce de fournir sur son site\u00a0des informations aussi pr\u00e9cises que possible. Les renseignements figurant sur ce site ne sont pas exhaustifs et les photos non contractuelles. Ils sont donn\u00e9s sous r\u00e9serve de modifications ayant \u00e9t\u00e9 apport\u00e9es depuis leur mise en ligne. Par ailleurs, tous les informations indiqu\u00e9es sur le site\u00a0www.afrikalarm.com<\/p>\n\n\n<style>.wp-block-kadence-spacer.kt-block-spacer-1406_dee4ee-78 .kt-block-spacer{height:40px;}.wp-block-kadence-spacer.kt-block-spacer-1406_dee4ee-78 .kt-divider{border-top-width:1px;height:1px;border-top-color:#eee;width:80%;border-top-style:solid;}<\/style>\n<div class=\"wp-block-kadence-spacer aligncenter kt-block-spacer-1406_dee4ee-78\"><div class=\"kt-block-spacer kt-block-spacer-halign-center\"><\/div><\/div>\n\n\n<style>.wp-block-kadence-advancedheading.kt-adv-heading1406_4c7a27-cb, .wp-block-kadence-advancedheading.kt-adv-heading1406_4c7a27-cb[data-kb-block=\"kb-adv-heading1406_4c7a27-cb\"]{font-style:normal;}.wp-block-kadence-advancedheading.kt-adv-heading1406_4c7a27-cb mark.kt-highlight, .wp-block-kadence-advancedheading.kt-adv-heading1406_4c7a27-cb[data-kb-block=\"kb-adv-heading1406_4c7a27-cb\"] mark.kt-highlight{font-style:normal;color:#f76a0c;-webkit-box-decoration-break:clone;box-decoration-break:clone;padding-top:0px;padding-right:0px;padding-bottom:0px;padding-left:0px;}<\/style>\n<h3 class=\"kt-adv-heading1406_4c7a27-cb wp-block-kadence-advancedheading\" data-kb-block=\"kb-adv-heading1406_4c7a27-cb\"><strong>Limitation contractuelles sur les donn\u00e9es<\/strong>:\u00a0<\/h3>\n\n\n\n<p class=\"has-theme-palette-3-color has-text-color has-link-color wp-elements-868faa0cdad9ec6b2481b28863cd152b\">Les informations contenues sur ce site sont aussi pr\u00e9cises que possible et le site remis \u00e0 jour \u00e0 diff\u00e9rentes p\u00e9riodes de l\u2019ann\u00e9e, mais peut toutefois contenir des inexactitudes ou des omissions. Si vous constatez une lacune, erreur ou ce qui parait \u00eatre un dysfonctionnement, merci de bien vouloir le signaler par email, \u00e0 l\u2019adresse\u00a0<a href=\"mailto:contact@afrikalarm.com\">contact@afrikalarm.com<\/a>, en d\u00e9crivant le probl\u00e8me de la mani\u00e8re la plus pr\u00e9cise possible (page posant probl\u00e8me, type d\u2019ordinateur et de navigateur utilis\u00e9, \u2026).<\/p>\n\n\n\n<p class=\"has-theme-palette-3-color has-text-color has-link-color wp-elements-55eb27c42192f6a54767120599b3985e\">Tout contenu t\u00e9l\u00e9charg\u00e9 se fait aux risques et p\u00e9rils de l\u2019utilisateur et sous sa seule responsabilit\u00e9. En cons\u00e9quence, ne saurait \u00eatre tenu responsable d\u2019un quelconque dommage subi par l\u2019ordinateur de l\u2019utilisateur ou d\u2019une quelconque perte de donn\u00e9es cons\u00e9cutives au t\u00e9l\u00e9chargement. De plus, l\u2019utilisateur du site s\u2019engage \u00e0 acc\u00e9der au site en utilisant un mat\u00e9riel r\u00e9cent, ne contenant pas de virus et avec un navigateur de derni\u00e8re g\u00e9n\u00e9ration mis-\u00e0-jour.<\/p>\n\n\n\n<p class=\"has-theme-palette-3-color has-text-color has-link-color wp-elements-ffee151e824b8646fbc4a38373be3e97\">Les liens hypertextes mis en place dans le cadre du pr\u00e9sent site internet en direction d\u2019autres ressources pr\u00e9sentes sur le r\u00e9seau Internet ne sauraient engager la responsabilit\u00e9 d\u2019AfrikAlarm.<\/p>\n\n\n<style>.wp-block-kadence-spacer.kt-block-spacer-1406_913a9e-43 .kt-block-spacer{height:40px;}.wp-block-kadence-spacer.kt-block-spacer-1406_913a9e-43 .kt-divider{border-top-width:1px;height:1px;border-top-color:#eee;width:80%;border-top-style:solid;}<\/style>\n<div class=\"wp-block-kadence-spacer aligncenter kt-block-spacer-1406_913a9e-43\"><div class=\"kt-block-spacer kt-block-spacer-halign-center\"><\/div><\/div>\n\n\n<style>.wp-block-kadence-advancedheading.kt-adv-heading1406_0d5242-f7, .wp-block-kadence-advancedheading.kt-adv-heading1406_0d5242-f7[data-kb-block=\"kb-adv-heading1406_0d5242-f7\"]{font-style:normal;}.wp-block-kadence-advancedheading.kt-adv-heading1406_0d5242-f7 mark.kt-highlight, .wp-block-kadence-advancedheading.kt-adv-heading1406_0d5242-f7[data-kb-block=\"kb-adv-heading1406_0d5242-f7\"] mark.kt-highlight{font-style:normal;color:#f76a0c;-webkit-box-decoration-break:clone;box-decoration-break:clone;padding-top:0px;padding-right:0px;padding-bottom:0px;padding-left:0px;}<\/style>\n<h3 class=\"kt-adv-heading1406_0d5242-f7 wp-block-kadence-advancedheading\" data-kb-block=\"kb-adv-heading1406_0d5242-f7\"><strong>Protection des donn\u00e9es personnelles:<\/strong>\u00a0<\/h3>\n\n\n\n<p class=\"has-theme-palette-3-color has-text-color has-link-color wp-elements-f7a657c6150175fb60111f7db26af7a1\">De mani\u00e8re g\u00e9n\u00e9rale, vous n\u2019\u00eates pas tenu de nous communiquer vos donn\u00e9es personnelles lorsque vous visitez notre site Internet. Cependant, pour b\u00e9n\u00e9ficier des services propos\u00e9s par notre site, vous pouvez \u00eatre amen\u00e9s \u00e0 nous communiquer certaines donn\u00e9es telles que\u00a0: votre nom, votre pr\u00e9nom, votre adresse, votre adresse \u00e9lectronique, votre num\u00e9ro de t\u00e9l\u00e9phone, \u2026 Ces informations sont utilis\u00e9es pour r\u00e9aliser le traitement des commandes et g\u00e9rer la relation client (livraisons, devis, factures, service apr\u00e8s-vente).<\/p>\n\n\n\n<p class=\"has-theme-palette-3-color has-text-color has-link-color wp-elements-b7081f80449ac6141862634ea54672b2\">Les destinataires de vos donn\u00e9es \u00e0 caract\u00e8re personnel collect\u00e9es sur notre site peuvent \u00eatre transmise uniquement \u00e0 nos prestataires de moyens de paiement ou de s\u00e9curisation des paiements, nos prestataires de livraison, nos partenaires commerciaux.&nbsp;<\/p>\n\n\n\n<p class=\"has-theme-palette-3-color has-text-color has-link-color wp-elements-64a4da824d6171500b6da182e32968fe\">Dans le cas o\u00f9 vous nous avez confi\u00e9 vos donn\u00e9es, vous b\u00e9n\u00e9ficiez des droits d\u2019acc\u00e8s, de rectification et d\u2019opposition au traitement de vos donn\u00e9es \u00e0 caract\u00e8re personnel. Pour exercer vos droits adressez nous une simple demande par notre formulaire de contact ou en utilisant l\u2019adresse email suivante:\u00a0<a href=\"mailto:contact@afrikalarm.com\">contact@afrikalarm.com<\/a>\u00a0.<\/p>\n\n\n\n<p class=\"has-theme-palette-3-color has-text-color has-link-color wp-elements-18607b07183676e4e8f21923231b6490\">Enfin, nous pouvons collecter de mani\u00e8re automatique certaines informations vous concernant lors d\u2019une simple navigation sur notre site Internet, notamment&nbsp;: des informations concernant l\u2019utilisation de notre site, comme les zones que vous visitez et les services auxquels vous acc\u00e9dez, votre adresse IP, le type de votre navigateur, vos temps d\u2019acc\u00e8s. De telles informations sont utilis\u00e9es exclusivement \u00e0 des fins de statistiques internes, de mani\u00e8re \u00e0 am\u00e9liorer la qualit\u00e9 des services qui vous sont propos\u00e9s.<\/p>\n\n\n<style>.wp-block-kadence-spacer.kt-block-spacer-1406_c8e502-fc .kt-block-spacer{height:40px;}.wp-block-kadence-spacer.kt-block-spacer-1406_c8e502-fc .kt-divider{border-top-width:1px;height:1px;border-top-color:#eee;width:80%;border-top-style:solid;}<\/style>\n<div class=\"wp-block-kadence-spacer aligncenter kt-block-spacer-1406_c8e502-fc\"><div class=\"kt-block-spacer kt-block-spacer-halign-center\"><\/div><\/div>\n\n\n<style>.wp-block-kadence-advancedheading.kt-adv-heading1406_40b9fe-29, .wp-block-kadence-advancedheading.kt-adv-heading1406_40b9fe-29[data-kb-block=\"kb-adv-heading1406_40b9fe-29\"]{font-style:normal;}.wp-block-kadence-advancedheading.kt-adv-heading1406_40b9fe-29 mark.kt-highlight, .wp-block-kadence-advancedheading.kt-adv-heading1406_40b9fe-29[data-kb-block=\"kb-adv-heading1406_40b9fe-29\"] mark.kt-highlight{font-style:normal;color:#f76a0c;-webkit-box-decoration-break:clone;box-decoration-break:clone;padding-top:0px;padding-right:0px;padding-bottom:0px;padding-left:0px;}<\/style>\n<h3 class=\"kt-adv-heading1406_40b9fe-29 wp-block-kadence-advancedheading\" data-kb-block=\"kb-adv-heading1406_40b9fe-29\"><strong>Utilisation de cookies:<\/strong>\u00a0<\/h3>\n\n\n\n<p class=\"has-theme-palette-3-color has-text-color has-link-color wp-elements-5d20eeb3e2bde8cd1fe63320b3b37e20\">Les cookies sont de petits fichiers texte enregistr\u00e9s sur votre disque dur. Les cookies utilis\u00e9s sur notre site nous permettent de vous proposer les services suivants :\u00a0cookies de session ID (connexion du client) ou fonction de m\u00e9morisation de panier.\u00a0La plupart des cookies sont destin\u00e9s \u00e0 permettre ou faciliter votre navigation et sont n\u00e9cessaires au fonctionnement de notre boutique en ligne.\u00a0L\u2019utilisation de cookies, propres ou tiers, n\u2019\u00e9tant pas n\u00e9cessaires au fonctionnement du site n\u00e9cessite un consentement expr\u00e8s de votre part.\u00a0Vous pouvez manifester votre consentement ou vous opposer \u00e0 l\u2019utilisation des cookies en param\u00e9trant votre dispositif de connexion de mani\u00e8re appropri\u00e9e. Reportez-vous pour cela notamment au guide d\u2019utilisation de votre navigateur.<\/p>\n\n\n<style>.wp-block-kadence-spacer.kt-block-spacer-1406_a8cad0-f7 .kt-block-spacer{height:40px;}.wp-block-kadence-spacer.kt-block-spacer-1406_a8cad0-f7 .kt-divider{border-top-width:1px;height:1px;border-top-color:#eee;width:80%;border-top-style:solid;}<\/style>\n<div class=\"wp-block-kadence-spacer aligncenter kt-block-spacer-1406_a8cad0-f7\"><div class=\"kt-block-spacer kt-block-spacer-halign-center\"><\/div><\/div>\n\n\n<style>.wp-block-kadence-advancedheading.kt-adv-heading1406_7485b5-e0, .wp-block-kadence-advancedheading.kt-adv-heading1406_7485b5-e0[data-kb-block=\"kb-adv-heading1406_7485b5-e0\"]{font-style:normal;}.wp-block-kadence-advancedheading.kt-adv-heading1406_7485b5-e0 mark.kt-highlight, .wp-block-kadence-advancedheading.kt-adv-heading1406_7485b5-e0[data-kb-block=\"kb-adv-heading1406_7485b5-e0\"] mark.kt-highlight{font-style:normal;color:#f76a0c;-webkit-box-decoration-break:clone;box-decoration-break:clone;padding-top:0px;padding-right:0px;padding-bottom:0px;padding-left:0px;}<\/style>\n<h3 class=\"kt-adv-heading1406_7485b5-e0 wp-block-kadence-advancedheading\" data-kb-block=\"kb-adv-heading1406_7485b5-e0\"><strong>Propri\u00e9t\u00e9 intellectuelle\u00a0:<\/strong>\u00a0<\/h3>\n\n\n\n<p class=\"has-theme-palette-3-color has-text-color has-link-color wp-elements-c431fba220d5f9e4f02b99cebd066fff\">Tout le contenu du pr\u00e9sent sur le site\u00a0https:\/\/www.afrikalarm.com, incluant, de fa\u00e7on non limitative, les graphismes, images, textes, vid\u00e9os, animations, sons, logos, gifs et ic\u00f4nes ainsi que leur mise en forme sont la propri\u00e9t\u00e9 exclusive de la soci\u00e9t\u00e9 AfrikAlarm \u00e0 l\u2019exception des marques, logos ou contenus appartenant \u00e0 d\u2019autres soci\u00e9t\u00e9s partenaires.<\/p>\n\n\n\n<p class=\"has-theme-palette-3-color has-text-color has-link-color wp-elements-68eed2b440d7b9c10975cb910a81fe67\">Toute reproduction, distribution, modification, adaptation, retransmission ou publication, m\u00eame partielle, de ces diff\u00e9rents \u00e9l\u00e9ments est strictement interdite sans l\u2019accord expr\u00e8s par \u00e9crit du responsable \u00e9ditorial du site https\/wwwafrikalarm.com. Cette repr\u00e9sentation ou reproduction, par quelque proc\u00e9d\u00e9 que ce soit, constitue une contrefa\u00e7on sanctionn\u00e9e par la loi et le non-respect de cette interdiction peut engager la responsabilit\u00e9 civile et p\u00e9nale du contrefacteur. Toute reproduction, m\u00eame partielle, est interdite et donnera syst\u00e9matiquement lieu \u00e0 des poursuites judiciaires.<\/p>\n\n\n\n<p class=\"has-theme-palette-3-color has-text-color has-link-color wp-elements-b821b626e7ddeefd81c5694e4dd7d12f\">Les pr\u00e9sentes conditions de ce site sont r\u00e9gies par les lois s\u00e9n\u00e9galaises et toute contestation ou litiges qui pourraient na\u00eetre de l\u2019interpr\u00e9tation ou de l\u2019ex\u00e9cution de celles-ci seront de la comp\u00e9tence exclusive des tribunaux dont d\u00e9pend le si\u00e8ge social de la soci\u00e9t\u00e9. La langue de r\u00e9f\u00e9rence, pour le r\u00e8glement de contentieux \u00e9ventuels, est le fran\u00e7ais.<\/p>\n","protected":false},"excerpt":{"rendered":"<p>Conditions d\u2019utilisation du site et Politique de confidentialit\u00e9 Les pr\u00e9sentes conditions g\u00e9n\u00e9rales d\u2019utilisation (CGU) d\u00e9finissent les conditions accept\u00e9es par les Utilisateurs selon lesquelles ils peuvent acc\u00e9der et utiliser le Service du site http:\/\/www.AfrikAlarm.com\u00a0 Nous vous invitons \u00e0 lire avec attention les pr\u00e9sentes conditions g\u00e9n\u00e9rales d\u2019utilisation, incluant la politique de confidentialit\u00e9 ainsi les conditions g\u00e9n\u00e9rales de&#8230;<\/p>\n","protected":false},"author":1,"featured_media":0,"parent":0,"menu_order":0,"comment_status":"closed","ping_status":"closed","template":"","meta":{"_kad_blocks_custom_css":"","_kad_blocks_head_custom_js":"","_kad_blocks_body_custom_js":"","_kad_blocks_footer_custom_js":"","_kad_post_transparent":"disable","_kad_post_title":"hide","_kad_post_layout":"","_kad_post_sidebar_id":"","_kad_post_content_style":"unboxed","_kad_post_vertical_padding":"hide","_kad_post_feature":"hide","_kad_post_feature_position":"","_kad_post_header":false,"_kad_post_footer":false,"_kad_post_classname":"","footnotes":""},"taxonomy_info":[],"featured_image_src_large":false,"author_info":{"display_name":"afrikalarm2.com","author_link":"https:\/\/afrikalarm.com\/index.php\/author\/afrikalarm2-com\/"},"comment_info":0,"_links":{"self":[{"href":"https:\/\/afrikalarm.com\/index.php\/wp-json\/wp\/v2\/pages\/1406"}],"collection":[{"href":"https:\/\/afrikalarm.com\/index.php\/wp-json\/wp\/v2\/pages"}],"about":[{"href":"https:\/\/afrikalarm.com\/index.php\/wp-json\/wp\/v2\/types\/page"}],"author":[{"embeddable":true,"href":"https:\/\/afrikalarm.com\/index.php\/wp-json\/wp\/v2\/users\/1"}],"replies":[{"embeddable":true,"href":"https:\/\/afrikalarm.com\/index.php\/wp-json\/wp\/v2\/comments?post=1406"}],"version-history":[{"count":6,"href":"https:\/\/afrikalarm.com\/index.php\/wp-json\/wp\/v2\/pages\/1406\/revisions"}],"predecessor-version":[{"id":1412,"href":"https:\/\/afrikalarm.com\/index.php\/wp-json\/wp\/v2\/pages\/1406\/revisions\/1412"}],"wp:attachment":[{"href":"https:\/\/afrikalarm.com\/index.php\/wp-json\/wp\/v2\/media?parent=1406"}],"curies":[{"name":"wp","href":"https:\/\/api.w.org\/{rel}","templated":true}]}}