{"id":716,"date":"2024-01-31T15:25:50","date_gmt":"2024-01-31T14:25:50","guid":{"rendered":"https:\/\/afrikalarm.com\/?page_id=716"},"modified":"2024-01-31T20:18:02","modified_gmt":"2024-01-31T19:18:02","slug":"ses-peripheriques-domotises","status":"publish","type":"page","link":"https:\/\/afrikalarm.com\/index.php\/ses-peripheriques-domotises\/","title":{"rendered":"P\u00e9riph\u00e9riques pour la domotique"},"content":{"rendered":"<style>.wp-block-kadence-spacer.kt-block-spacer-716_0cef46-36 .kt-block-spacer{height:60px;}.wp-block-kadence-spacer.kt-block-spacer-716_0cef46-36 .kt-divider{border-top-width:1px;height:1px;border-top-color:#eee;width:80%;border-top-style:solid;}<\/style>\n<div class=\"wp-block-kadence-spacer aligncenter kt-block-spacer-716_0cef46-36\"><div class=\"kt-block-spacer kt-block-spacer-halign-center\"><\/div><\/div>\n\n\n<style>.wp-block-kadence-advancedheading.kt-adv-heading716_344a18-8c, .wp-block-kadence-advancedheading.kt-adv-heading716_344a18-8c[data-kb-block=\"kb-adv-heading716_344a18-8c\"]{text-align:center;font-style:normal;}.wp-block-kadence-advancedheading.kt-adv-heading716_344a18-8c mark.kt-highlight, .wp-block-kadence-advancedheading.kt-adv-heading716_344a18-8c[data-kb-block=\"kb-adv-heading716_344a18-8c\"] mark.kt-highlight{font-style:normal;color:#f76a0c;-webkit-box-decoration-break:clone;box-decoration-break:clone;padding-top:0px;padding-right:0px;padding-bottom:0px;padding-left:0px;}<\/style>\n<h2 class=\"kt-adv-heading716_344a18-8c wp-block-kadence-advancedheading\" data-kb-block=\"kb-adv-heading716_344a18-8c\">Confort Intelligent : R\u00e9volutionnez Votre Maison avec les Solutions d&rsquo;Automatisation et de S\u00e9curit\u00e9 d&rsquo;Ajax Systems<\/h2>\n\n\n<style>.wp-block-kadence-spacer.kt-block-spacer-716_c579fb-da .kt-block-spacer{height:30px;}.wp-block-kadence-spacer.kt-block-spacer-716_c579fb-da .kt-divider{border-top-width:1px;height:1px;border-top-color:#eee;width:80%;border-top-style:solid;}<\/style>\n<div class=\"wp-block-kadence-spacer aligncenter kt-block-spacer-716_c579fb-da\"><div class=\"kt-block-spacer kt-block-spacer-halign-center\"><\/div><\/div>\n\n\n<style>.kb-row-layout-id716_a0f85c-e9 > .kt-row-column-wrap{align-content:center;}:where(.kb-row-layout-id716_a0f85c-e9 > .kt-row-column-wrap) > .wp-block-kadence-column{justify-content:center;}.kb-row-layout-id716_a0f85c-e9 > .kt-row-column-wrap{column-gap:var(--global-kb-gap-md, 2rem);row-gap:var(--global-kb-gap-md, 2rem);padding-top:var(--global-kb-spacing-4xl, 8rem);padding-right:var(--global-kb-spacing-xl, 4rem);padding-bottom:var(--global-kb-spacing-3xl, 6.5rem);padding-left:var(--global-kb-spacing-xl, 4rem);grid-template-columns:minmax(0, 1fr);}.kb-row-layout-id716_a0f85c-e9{background-image:url('https:\/\/afrikalarm.com\/wp-content\/uploads\/2024\/01\/Capture-decran-2024-01-31-201345.png');background-size:cover;background-position:center center;background-attachment:scroll;background-repeat:no-repeat;}.kb-row-layout-id716_a0f85c-e9 > .kt-row-layout-overlay{opacity:0.70;background-color:var(--global-palette3, #1A202C);}.kb-row-layout-id716_a0f85c-e9 .kt-row-layout-top-sep{height:100px;}.kb-row-layout-id716_a0f85c-e9 .kt-row-layout-top-sep svg{width:100%;}.kb-row-layout-id716_a0f85c-e9 .kt-row-layout-top-sep svg{fill:#ffffff!important;}@media all and (max-width: 1024px){.kb-row-layout-id716_a0f85c-e9 > .kt-row-column-wrap{grid-template-columns:minmax(0, 1fr);}}@media all and (max-width: 767px){.kb-row-layout-id716_a0f85c-e9 > .kt-row-column-wrap{grid-template-columns:minmax(0, 1fr);}}<\/style><div class=\"kb-row-layout-wrap kb-row-layout-id716_a0f85c-e9 alignfull kt-row-has-bg wp-block-kadence-rowlayout\"><div class=\"kt-row-layout-overlay kt-row-overlay-normal\"><\/div><div class=\"kt-row-layout-top-sep kt-row-sep-type-sltl\"><svg viewBox=\"0 0 1000 100\" preserveAspectRatio=\"none\"><path d=\"M1000,0l-1000,100l1000,0l0,-100Z\" \/><\/svg><\/div><div class=\"kt-row-column-wrap kt-has-1-columns kt-row-layout-equal kt-tab-layout-inherit kt-mobile-layout-row kt-row-valign-middle\">\n<style>.kadence-column716_d69f75-94 > .kt-inside-inner-col,.kadence-column716_d69f75-94 > .kt-inside-inner-col:before{border-top-left-radius:0px;border-top-right-radius:0px;border-bottom-right-radius:0px;border-bottom-left-radius:0px;}.kadence-column716_d69f75-94 > .kt-inside-inner-col{column-gap:var(--global-kb-gap-sm, 1rem);}.kadence-column716_d69f75-94 > .kt-inside-inner-col{flex-direction:column;}.kadence-column716_d69f75-94 > .kt-inside-inner-col > .aligncenter{width:100%;}.kadence-column716_d69f75-94 > .kt-inside-inner-col:before{opacity:0.3;}.kadence-column716_d69f75-94{position:relative;}@media all and (max-width: 1024px){.kadence-column716_d69f75-94 > .kt-inside-inner-col{flex-direction:column;justify-content:center;}}@media all and (max-width: 767px){.kadence-column716_d69f75-94 > .kt-inside-inner-col{flex-direction:column;justify-content:center;}}<\/style>\n<div class=\"wp-block-kadence-column kadence-column716_d69f75-94\"><div class=\"kt-inside-inner-col\">\n<p class=\"has-theme-palette-5-color has-text-color has-link-color wp-elements-b8d947a3293169cecf962c84172dc715\">Bienvenue dans le monde de l&rsquo;automatisation intelligente et de la s\u00e9curit\u00e9 \u00e0 domicile avec Ajax Systems. La collection innovante \u00ab\u00a0Confort et Productivit\u00e9\u00a0\u00bb offre une fusion parfaite de la s\u00e9curit\u00e9 et du confort \u00e0 travers des dispositifs sans fil hautement sophistiqu\u00e9s pour la maison intelligente.<\/p>\n\n\n\n<p class=\"has-theme-palette-5-color has-text-color has-link-color wp-elements-79c8b72388fd50cad54355e28eca8b24\">Plongez dans une exp\u00e9rience d&rsquo;automatisation domestique sans pareil avec des produits comme \u00ab\u00a0LifeQuality\u00a0\u00bb, un moniteur de qualit\u00e9 de l&rsquo;air int\u00e9rieur de niveau professionnel, qui veille \u00e0 votre bien-\u00eatre en mesurant pr\u00e9cis\u00e9ment le CO2, la temp\u00e9rature et l&rsquo;humidit\u00e9. Explorez le \u00ab\u00a0LightSwitch\u00a0\u00bb, notre solution intuitive pour contr\u00f4ler l&rsquo;\u00e9clairage et d&rsquo;autres appareils, facilement activable \u00e0 distance via les applications Ajax.<\/p>\n\n\n\n<p class=\"has-theme-palette-5-color has-text-color has-link-color wp-elements-8b92259a77f8c1a3ad4553a9c98ef147\">Notre engagement ne s&rsquo;arr\u00eate pas aux appareils mat\u00e9riels. Nous avons \u00e9tendu notre philosophie de confort \u00e0 notre logiciel, offrant des caract\u00e9ristiques innovantes telles que des sc\u00e9narios bas\u00e9s sur la temp\u00e9rature pour une gestion personnalis\u00e9e de votre environnement.<\/p>\n\n\n\n<p class=\"has-theme-palette-5-color has-text-color has-link-color wp-elements-3c5c4cdcb729ab99d9356490d5c9ff67\">Avec Ajax Systems, transformez votre maison en un espace de vie intelligent, s\u00fbr et confortable. Pour en savoir plus sur nos produits et d\u00e9couvrir comment ils peuvent enrichir votre quotidien<\/p>\n<\/div><\/div>\n\n<\/div><\/div>","protected":false},"excerpt":{"rendered":"<p>Confort Intelligent : R\u00e9volutionnez Votre Maison avec les Solutions d&rsquo;Automatisation et de S\u00e9curit\u00e9 d&rsquo;Ajax Systems Bienvenue dans le monde de l&rsquo;automatisation intelligente et de la s\u00e9curit\u00e9 \u00e0 domicile avec Ajax Systems. La collection innovante \u00ab\u00a0Confort et Productivit\u00e9\u00a0\u00bb offre une fusion parfaite de la s\u00e9curit\u00e9 et du confort \u00e0 travers des dispositifs sans fil hautement sophistiqu\u00e9s&#8230;<\/p>\n","protected":false},"author":1,"featured_media":0,"parent":0,"menu_order":0,"comment_status":"closed","ping_status":"closed","template":"","meta":{"_kad_blocks_custom_css":"","_kad_blocks_head_custom_js":"","_kad_blocks_body_custom_js":"","_kad_blocks_footer_custom_js":"","_kad_post_transparent":"disable","_kad_post_title":"hide","_kad_post_layout":"","_kad_post_sidebar_id":"","_kad_post_content_style":"unboxed","_kad_post_vertical_padding":"hide","_kad_post_feature":"hide","_kad_post_feature_position":"","_kad_post_header":false,"_kad_post_footer":false,"_kad_post_classname":"","footnotes":""},"taxonomy_info":[],"featured_image_src_large":false,"author_info":{"display_name":"afrikalarm2.com","author_link":"https:\/\/afrikalarm.com\/index.php\/author\/afrikalarm2-com\/"},"comment_info":0,"_links":{"self":[{"href":"https:\/\/afrikalarm.com\/index.php\/wp-json\/wp\/v2\/pages\/716"}],"collection":[{"href":"https:\/\/afrikalarm.com\/index.php\/wp-json\/wp\/v2\/pages"}],"about":[{"href":"https:\/\/afrikalarm.com\/index.php\/wp-json\/wp\/v2\/types\/page"}],"author":[{"embeddable":true,"href":"https:\/\/afrikalarm.com\/index.php\/wp-json\/wp\/v2\/users\/1"}],"replies":[{"embeddable":true,"href":"https:\/\/afrikalarm.com\/index.php\/wp-json\/wp\/v2\/comments?post=716"}],"version-history":[{"count":27,"href":"https:\/\/afrikalarm.com\/index.php\/wp-json\/wp\/v2\/pages\/716\/revisions"}],"predecessor-version":[{"id":877,"href":"https:\/\/afrikalarm.com\/index.php\/wp-json\/wp\/v2\/pages\/716\/revisions\/877"}],"wp:attachment":[{"href":"https:\/\/afrikalarm.com\/index.php\/wp-json\/wp\/v2\/media?parent=716"}],"curies":[{"name":"wp","href":"https:\/\/api.w.org\/{rel}","templated":true}]}}